{"id":40,"date":"2026-02-12T21:49:43","date_gmt":"2026-02-12T21:49:43","guid":{"rendered":"https:\/\/garanteradehandel.se\/?page_id=40"},"modified":"2026-03-09T11:16:15","modified_gmt":"2026-03-09T11:16:15","slug":"contact","status":"publish","type":"page","link":"https:\/\/garanteradehandel.se\/index.php\/contact\/","title":{"rendered":"Contact"},"content":{"rendered":"\t\t<div data-elementor-type=\"wp-page\" data-elementor-id=\"40\" class=\"elementor elementor-40\" data-elementor-settings=\"{&quot;ha_cmc_init_switcher&quot;:&quot;no&quot;}\" data-elementor-post-type=\"page\">\n\t\t\t\t<div class=\"elementor-element elementor-element-9d6cb20 e-con-full e-flex e-con e-parent\" data-id=\"9d6cb20\" data-element_type=\"container\" data-e-type=\"container\" data-settings=\"{&quot;_ha_eqh_enable&quot;:false}\">\n\t\t<div class=\"elementor-element elementor-element-baf1a55 e-flex e-con-boxed e-con e-child\" data-id=\"baf1a55\" data-element_type=\"container\" data-e-type=\"container\" data-settings=\"{&quot;background_background&quot;:&quot;classic&quot;,&quot;_ha_eqh_enable&quot;:false}\">\n\t\t\t\t\t<div class=\"e-con-inner\">\n\t\t\t\t<div class=\"elementor-element elementor-element-51245c3 elementor-widget elementor-widget-heading\" data-id=\"51245c3\" data-element_type=\"widget\" data-e-type=\"widget\" data-widget_type=\"heading.default\">\n\t\t\t\t\t<h2 class=\"elementor-heading-title elementor-size-default\">Kontakta v\u00e5rt team<\/h2>\t\t\t\t<\/div>\n\t\t\t\t<div class=\"elementor-element elementor-element-843580b elementor-widget__width-initial elementor-widget-tablet__width-initial elementor-widget-mobile__width-initial elementor-widget elementor-widget-text-editor\" data-id=\"843580b\" data-element_type=\"widget\" data-e-type=\"widget\" data-widget_type=\"text-editor.default\">\n\t\t\t\t\t\t\t\t\t<p>Har du fr\u00e5gor eller funderingar kring Garanterad E-handel, inga problem vi finns h\u00e4r att svara dem.<\/p>\t\t\t\t\t\t\t\t<\/div>\n\t\t<div class=\"elementor-element elementor-element-3ad5716 e-con-full e-flex e-con e-child\" data-id=\"3ad5716\" data-element_type=\"container\" data-e-type=\"container\" data-settings=\"{&quot;_ha_eqh_enable&quot;:false}\">\n\t\t<div class=\"elementor-element elementor-element-fefcc9b e-con-full e-flex e-con e-child\" data-id=\"fefcc9b\" data-element_type=\"container\" data-e-type=\"container\" data-settings=\"{&quot;background_background&quot;:&quot;classic&quot;,&quot;_ha_eqh_enable&quot;:false}\">\n\t\t\t\t<div class=\"elementor-element elementor-element-a3187cd elementor-widget__width-initial elementor-widget elementor-widget-heading\" data-id=\"a3187cd\" data-element_type=\"widget\" data-e-type=\"widget\" data-widget_type=\"heading.default\">\n\t\t\t\t\t<h2 class=\"elementor-heading-title elementor-size-default\">Kontakta oss<\/h2>\t\t\t\t<\/div>\n\t\t\t\t<div class=\"elementor-element elementor-element-7d9b69c elementor-widget elementor-widget-text-editor\" data-id=\"7d9b69c\" data-element_type=\"widget\" data-e-type=\"widget\" data-widget_type=\"text-editor.default\">\n\t\t\t\t\t\t\t\t\t<p>Fr\u00e5gor eller funderingar?<\/p>\t\t\t\t\t\t\t\t<\/div>\n\t\t\t\t<div class=\"elementor-element elementor-element-212677b fluentform-widget-submit-button-custom elementor-widget elementor-widget-fluent-form-widget\" data-id=\"212677b\" data-element_type=\"widget\" data-e-type=\"widget\" data-widget_type=\"fluent-form-widget.default\">\n\t\t\t\t<div class=\"elementor-widget-container\">\n\t\t\t\t\t\n            <div class=\"fluentform-widget-wrapper fluentform-widget-align-center\">\n\n            \n            <div class='fluentform ff-default fluentform_wrapper_1 ffs_default_wrap'><form data-form_id=\"1\" id=\"fluentform_1\" class=\"frm-fluent-form fluent_form_1 ff-el-form-top ff_form_instance_1_1 ff-form-loading ffs_default\" data-form_instance=\"ff_form_instance_1_1\" method=\"POST\" ><fieldset  style=\"border: none!important;margin: 0!important;padding: 0!important;background-color: transparent!important;box-shadow: none!important;outline: none!important; min-inline-size: 100%;\">\n                    <legend class=\"ff_screen_reader_title\" style=\"display: block; margin: 0!important;padding: 0!important;height: 0!important;text-indent: -999999px;width: 0!important;overflow:hidden;\">Contact Form Demo<\/legend><input type='hidden' name='__fluent_form_embded_post_id' value='40' \/><input type=\"hidden\" id=\"_fluentform_1_fluentformnonce\" name=\"_fluentform_1_fluentformnonce\" value=\"9801cc46b1\" \/><input type=\"hidden\" name=\"_wp_http_referer\" value=\"\/index.php\/wp-json\/wp\/v2\/pages\/40\" \/><div data-type=\"name-element\" data-name=\"names\" class=\" ff-field_container ff-name-field-wrapper\" ><div class='ff-t-container'><div class='ff-t-cell '><div class='ff-el-group'><div class=\"ff-el-input--label asterisk-right\"><label for='ff_1_names_first_name_' id='label_ff_1_names_first_name_' >First Name<\/label><\/div><div class='ff-el-input--content'><input type=\"text\" name=\"names[first_name]\" id=\"ff_1_names_first_name_\" class=\"ff-el-form-control\" placeholder=\"First Name\" aria-invalid=\"false\" aria-required=false><\/div><\/div><\/div><\/div><\/div><div class='ff-el-group'><div class=\"ff-el-input--label ff-el-is-required asterisk-right\"><label for='ff_1_email' id='label_ff_1_email' aria-label=\"E-postadress\">E-postadress<\/label><\/div><div class='ff-el-input--content'><input type=\"email\" name=\"email\" id=\"ff_1_email\" class=\"ff-el-form-control\" placeholder=\"Din epostadress h\u00e4r\" data-name=\"email\"  aria-invalid=\"false\" aria-required=true><\/div><\/div><div class='ff-el-group'><div class=\"ff-el-input--label ff-el-is-required asterisk-right\"><label for='ff_1_message' id='label_ff_1_message' aria-label=\"Ditt meddelande\">Ditt meddelande<\/label><\/div><div class='ff-el-input--content'><textarea aria-required=\"true\" aria-labelledby=\"label_ff_1_message\" name=\"message\" id=\"ff_1_message\" class=\"ff-el-form-control\" placeholder=\"Skriv ditt meddelande h\u00e4r\" rows=\"4\" cols=\"2\" data-name=\"message\" ><\/textarea><\/div><\/div><div class='ff-el-group ff-text-left ff_submit_btn_wrapper'><button type=\"submit\" class=\"ff-btn ff-btn-submit ff-btn-md ff_btn_style\"  aria-label=\"Skicka\">Skicka<\/button><\/div><\/fieldset><\/form><div id='fluentform_1_errors' class='ff-errors-in-stack ff_form_instance_1_1 ff-form-loading_errors ff_form_instance_1_1_errors'><\/div><\/div>            <script type=\"text\/javascript\">\n                window.fluent_form_ff_form_instance_1_1 = {\"id\":\"1\",\"settings\":{\"layout\":{\"labelPlacement\":\"top\",\"helpMessagePlacement\":\"with_label\",\"errorMessagePlacement\":\"inline\",\"cssClassName\":\"\",\"asteriskPlacement\":\"asterisk-right\"},\"restrictions\":{\"denyEmptySubmission\":{\"enabled\":false}}},\"form_instance\":\"ff_form_instance_1_1\",\"form_id_selector\":\"fluentform_1\",\"rules\":{\"names[first_name]\":{\"required\":{\"value\":false,\"message\":\"This field is required\",\"global\":false,\"global_message\":\"This field is required\"}},\"names[middle_name]\":{\"required\":{\"value\":false,\"message\":\"This field is required\",\"global\":false,\"global_message\":\"This field is required\"}},\"names[last_name]\":{\"required\":{\"value\":false,\"message\":\"This field is required\",\"global\":false,\"global_message\":\"This field is required\"}},\"email\":{\"required\":{\"value\":true,\"message\":\"This field is required\",\"global\":false,\"global_message\":\"This field is required\"},\"email\":{\"value\":true,\"message\":\"This field must contain a valid email\",\"global\":false,\"global_message\":\"This field must contain a valid email\"}},\"message\":{\"required\":{\"value\":true,\"message\":\"This field is required\",\"global\":false,\"global_message\":\"This field is required\"}}},\"debounce_time\":300};\n                            <\/script>\n                        <\/div>\n\n            \t\t\t\t<\/div>\n\t\t\t\t<\/div>\n\t\t\t\t<\/div>\n\t\t\t\t<\/div>\n\t\t\t\t\t<\/div>\n\t\t\t\t<\/div>\n\t\t\t\t<\/div>\n\t\t\t\t<\/div>\n\t\t","protected":false},"excerpt":{"rendered":"<p>Kontakta v\u00e5rt team Har du fr\u00e5gor eller funderingar kring Garanterad E-handel, inga problem vi finns h\u00e4r att svara dem. Kontakta oss Fr\u00e5gor eller funderingar? Contact Form Demo First NameE-postadressDitt meddelandeSkicka<\/p>\n","protected":false},"author":1,"featured_media":0,"parent":0,"menu_order":0,"comment_status":"closed","ping_status":"closed","template":"","meta":{"footnotes":""},"class_list":["post-40","page","type-page","status-publish","hentry"],"yoast_head":"<!-- This site is optimized with the Yoast SEO plugin v27.2 - https:\/\/yoast.com\/product\/yoast-seo-wordpress\/ -->\n<title>Contact - Garanterad Handel<\/title>\n<meta name=\"robots\" content=\"index, follow, max-snippet:-1, max-image-preview:large, max-video-preview:-1\" \/>\n<link rel=\"canonical\" href=\"https:\/\/garanteradehandel.se\/index.php\/contact\/\" \/>\n<meta property=\"og:locale\" content=\"en_US\" \/>\n<meta property=\"og:type\" content=\"article\" \/>\n<meta property=\"og:title\" content=\"Contact - Garanterad Handel\" \/>\n<meta property=\"og:description\" content=\"Kontakta v\u00e5rt team Har du fr\u00e5gor eller funderingar kring Garanterad E-handel, inga problem vi finns h\u00e4r att svara dem. Kontakta oss Fr\u00e5gor eller funderingar? Contact Form Demo First NameE-postadressDitt meddelandeSkicka\" \/>\n<meta property=\"og:url\" content=\"https:\/\/garanteradehandel.se\/index.php\/contact\/\" \/>\n<meta property=\"og:site_name\" content=\"Garanterad Handel\" \/>\n<meta property=\"article:modified_time\" content=\"2026-03-09T11:16:15+00:00\" \/>\n<meta name=\"twitter:card\" content=\"summary_large_image\" \/>\n<meta name=\"twitter:label1\" content=\"Est. reading time\" \/>\n\t<meta name=\"twitter:data1\" content=\"1 minute\" \/>\n<script type=\"application\/ld+json\" class=\"yoast-schema-graph\">{\"@context\":\"https:\/\/schema.org\",\"@graph\":[{\"@type\":\"WebPage\",\"@id\":\"https:\/\/garanteradehandel.se\/index.php\/contact\/\",\"url\":\"https:\/\/garanteradehandel.se\/index.php\/contact\/\",\"name\":\"Contact - Garanterad Handel\",\"isPartOf\":{\"@id\":\"https:\/\/garanteradehandel.se\/#website\"},\"datePublished\":\"2026-02-12T21:49:43+00:00\",\"dateModified\":\"2026-03-09T11:16:15+00:00\",\"breadcrumb\":{\"@id\":\"https:\/\/garanteradehandel.se\/index.php\/contact\/#breadcrumb\"},\"inLanguage\":\"en-US\",\"potentialAction\":[{\"@type\":\"ReadAction\",\"target\":[\"https:\/\/garanteradehandel.se\/index.php\/contact\/\"]}]},{\"@type\":\"BreadcrumbList\",\"@id\":\"https:\/\/garanteradehandel.se\/index.php\/contact\/#breadcrumb\",\"itemListElement\":[{\"@type\":\"ListItem\",\"position\":1,\"name\":\"Home\",\"item\":\"https:\/\/garanteradehandel.se\/\"},{\"@type\":\"ListItem\",\"position\":2,\"name\":\"Contact\"}]},{\"@type\":\"WebSite\",\"@id\":\"https:\/\/garanteradehandel.se\/#website\",\"url\":\"https:\/\/garanteradehandel.se\/\",\"name\":\"Garanterad E-Handel\",\"description\":\"\",\"publisher\":{\"@id\":\"https:\/\/garanteradehandel.se\/#organization\"},\"potentialAction\":[{\"@type\":\"SearchAction\",\"target\":{\"@type\":\"EntryPoint\",\"urlTemplate\":\"https:\/\/garanteradehandel.se\/?s={search_term_string}\"},\"query-input\":{\"@type\":\"PropertyValueSpecification\",\"valueRequired\":true,\"valueName\":\"search_term_string\"}}],\"inLanguage\":\"en-US\"},{\"@type\":\"Organization\",\"@id\":\"https:\/\/garanteradehandel.se\/#organization\",\"name\":\"Garanterad Handel\",\"url\":\"https:\/\/garanteradehandel.se\/\",\"logo\":{\"@type\":\"ImageObject\",\"inLanguage\":\"en-US\",\"@id\":\"https:\/\/garanteradehandel.se\/#\/schema\/logo\/image\/\",\"url\":\"https:\/\/garanteradehandel.se\/wp-content\/uploads\/2026\/02\/Garanterad-E-handel_SSb-R00a_Mil.png\",\"contentUrl\":\"https:\/\/garanteradehandel.se\/wp-content\/uploads\/2026\/02\/Garanterad-E-handel_SSb-R00a_Mil.png\",\"width\":958,\"height\":958,\"caption\":\"Garanterad Handel\"},\"image\":{\"@id\":\"https:\/\/garanteradehandel.se\/#\/schema\/logo\/image\/\"}}]}<\/script>\n<!-- \/ Yoast SEO plugin. -->","yoast_head_json":{"title":"Contact - Garanterad Handel","robots":{"index":"index","follow":"follow","max-snippet":"max-snippet:-1","max-image-preview":"max-image-preview:large","max-video-preview":"max-video-preview:-1"},"canonical":"https:\/\/garanteradehandel.se\/index.php\/contact\/","og_locale":"en_US","og_type":"article","og_title":"Contact - Garanterad Handel","og_description":"Kontakta v\u00e5rt team Har du fr\u00e5gor eller funderingar kring Garanterad E-handel, inga problem vi finns h\u00e4r att svara dem. Kontakta oss Fr\u00e5gor eller funderingar? Contact Form Demo First NameE-postadressDitt meddelandeSkicka","og_url":"https:\/\/garanteradehandel.se\/index.php\/contact\/","og_site_name":"Garanterad Handel","article_modified_time":"2026-03-09T11:16:15+00:00","twitter_card":"summary_large_image","twitter_misc":{"Est. reading time":"1 minute"},"schema":{"@context":"https:\/\/schema.org","@graph":[{"@type":"WebPage","@id":"https:\/\/garanteradehandel.se\/index.php\/contact\/","url":"https:\/\/garanteradehandel.se\/index.php\/contact\/","name":"Contact - Garanterad Handel","isPartOf":{"@id":"https:\/\/garanteradehandel.se\/#website"},"datePublished":"2026-02-12T21:49:43+00:00","dateModified":"2026-03-09T11:16:15+00:00","breadcrumb":{"@id":"https:\/\/garanteradehandel.se\/index.php\/contact\/#breadcrumb"},"inLanguage":"en-US","potentialAction":[{"@type":"ReadAction","target":["https:\/\/garanteradehandel.se\/index.php\/contact\/"]}]},{"@type":"BreadcrumbList","@id":"https:\/\/garanteradehandel.se\/index.php\/contact\/#breadcrumb","itemListElement":[{"@type":"ListItem","position":1,"name":"Home","item":"https:\/\/garanteradehandel.se\/"},{"@type":"ListItem","position":2,"name":"Contact"}]},{"@type":"WebSite","@id":"https:\/\/garanteradehandel.se\/#website","url":"https:\/\/garanteradehandel.se\/","name":"Garanterad E-Handel","description":"","publisher":{"@id":"https:\/\/garanteradehandel.se\/#organization"},"potentialAction":[{"@type":"SearchAction","target":{"@type":"EntryPoint","urlTemplate":"https:\/\/garanteradehandel.se\/?s={search_term_string}"},"query-input":{"@type":"PropertyValueSpecification","valueRequired":true,"valueName":"search_term_string"}}],"inLanguage":"en-US"},{"@type":"Organization","@id":"https:\/\/garanteradehandel.se\/#organization","name":"Garanterad Handel","url":"https:\/\/garanteradehandel.se\/","logo":{"@type":"ImageObject","inLanguage":"en-US","@id":"https:\/\/garanteradehandel.se\/#\/schema\/logo\/image\/","url":"https:\/\/garanteradehandel.se\/wp-content\/uploads\/2026\/02\/Garanterad-E-handel_SSb-R00a_Mil.png","contentUrl":"https:\/\/garanteradehandel.se\/wp-content\/uploads\/2026\/02\/Garanterad-E-handel_SSb-R00a_Mil.png","width":958,"height":958,"caption":"Garanterad Handel"},"image":{"@id":"https:\/\/garanteradehandel.se\/#\/schema\/logo\/image\/"}}]}},"_links":{"self":[{"href":"https:\/\/garanteradehandel.se\/index.php\/wp-json\/wp\/v2\/pages\/40","targetHints":{"allow":["GET"]}}],"collection":[{"href":"https:\/\/garanteradehandel.se\/index.php\/wp-json\/wp\/v2\/pages"}],"about":[{"href":"https:\/\/garanteradehandel.se\/index.php\/wp-json\/wp\/v2\/types\/page"}],"author":[{"embeddable":true,"href":"https:\/\/garanteradehandel.se\/index.php\/wp-json\/wp\/v2\/users\/1"}],"replies":[{"embeddable":true,"href":"https:\/\/garanteradehandel.se\/index.php\/wp-json\/wp\/v2\/comments?post=40"}],"version-history":[{"count":64,"href":"https:\/\/garanteradehandel.se\/index.php\/wp-json\/wp\/v2\/pages\/40\/revisions"}],"predecessor-version":[{"id":841,"href":"https:\/\/garanteradehandel.se\/index.php\/wp-json\/wp\/v2\/pages\/40\/revisions\/841"}],"wp:attachment":[{"href":"https:\/\/garanteradehandel.se\/index.php\/wp-json\/wp\/v2\/media?parent=40"}],"curies":[{"name":"wp","href":"https:\/\/api.w.org\/{rel}","templated":true}]}}